{"id":12436,"date":"2022-06-12T07:27:06","date_gmt":"2022-06-12T05:27:06","guid":{"rendered":"https:\/\/agbw.org\/?page_id=12436"},"modified":"2025-08-30T07:26:08","modified_gmt":"2025-08-30T05:26:08","slug":"gemeindevorstand","status":"publish","type":"page","link":"https:\/\/agbw.org\/am\/gemeindevorstand\/","title":{"rendered":"Gemeindevorstand"},"content":{"rendered":"<p><div class=\"fusion-fullwidth fullwidth-box fusion-builder-row-1 fusion-flex-container nonhundred-percent-fullwidth non-hundred-percent-height-scrolling\" style=\"--awb-border-radius-top-left:0px;--awb-border-radius-top-right:0px;--awb-border-radius-bottom-right:0px;--awb-border-radius-bottom-left:0px;--awb-flex-wrap:wrap;\" ><div class=\"fusion-builder-row fusion-row fusion-flex-align-items-flex-start fusion-flex-content-wrap\" style=\"max-width:1248px;margin-left: calc(-4% \/ 2 );margin-right: calc(-4% \/ 2 );\"><div class=\"fusion-layout-column fusion_builder_column fusion-builder-column-0 fusion_builder_column_2_3 2_3 fusion-flex-column\" style=\"--awb-bg-size:cover;--awb-width-large:66.666666666667%;--awb-margin-top-large:0px;--awb-spacing-right-large:2.88%;--awb-margin-bottom-large:20px;--awb-spacing-left-large:2.88%;--awb-width-medium:100%;--awb-order-medium:0;--awb-spacing-right-medium:1.92%;--awb-spacing-left-medium:1.92%;--awb-width-small:100%;--awb-order-small:0;--awb-spacing-right-small:1.92%;--awb-spacing-left-small:1.92%;\"><div class=\"fusion-column-wrapper fusion-column-has-shadow fusion-flex-justify-content-flex-start fusion-content-layout-column\"><div class=\"fusion-title title fusion-title-1 fusion-sep-none fusion-title-text fusion-title-size-one\" style=\"--awb-margin-top-small:10px;--awb-margin-right-small:0px;--awb-margin-bottom-small:10px;--awb-margin-left-small:0px;\"><h1 class=\"fusion-title-heading title-heading-left fusion-responsive-typography-calculated\" style=\"margin:0;--fontSize:35;line-height:1.2;\">Gemeindevorstand<\/h1><\/div><div class=\"fusion-text fusion-text-1\"><p>\u201ePfarrer und Kirchengemeinderat leiten gemeinsam die Gemeinde\u201c. So steht es in der Satzung unserer Gemeinde. Dem Leitungsgremium der Armenischen Gemeinde Baden-W\u00fcrttemberg e.V. geh\u00f6ren sieben gew\u00e4hlte Vorstandsmitglieder an, dazu kommt der Gemeindepfarrer. Der Vorsitzende, der stellvertretende Vorsitzende, der Kassenwart und der Gemeindepfarrer bilden den Gemeindevorstand im Sinne des Gesetzes (\u00a7 26 BGB).<\/p>\n<p>Die Sitzungen finden in der Regel am zweiten Sonntag im Monat um 19:00 Uhr im Pfarrb\u00fcro statt, der erste Teil der Sitzung ist \u00f6ffentlich.<\/p>\n<p>Im Vorstand wird der Haushalt der Gemeinde beschlossen. Au\u00dferdem werden alle wichtigen Themen des Gemeindelebens besprochen und \u00fcber die Durchf\u00fchrung von Veranstaltungen beraten.<\/p>\n<p>Der Gemeindevorstand wird jeweils f\u00fcr drei Jahre gew\u00e4hlt und kann anschlie\u00dfend wiedergew\u00e4hlt werden. Die letzten Wahlen fanden 2024 statt.<\/p>\n<p>Dem Vorstand der Gemeinde geh\u00f6ren folgende Personen an:<\/p>\n<ul>\n<li><strong>Ehrenvorsitzender \u2013 Pfarrer Dr. Diradur Sardaryan,\u00a0G\u00f6ppingen<\/strong><\/li>\n<li><strong>Vorsitzender \u2013 Kristina Bagratuni, Stuttgart<\/strong><\/li>\n<li><strong>Stellv. Vorsitzender \u2013 Dr. Agop Vartan, Heidenheim<\/strong><\/li>\n<li><strong>Kassenwart \u2013 Dr. Michael Hambardzumyan, Karlsruhe<\/strong><\/li>\n<li><strong>Stellv. Kassenwart \u2013 Anton Antonyan, Stuttgart<\/strong><\/li>\n<li><strong>Schriftf\u00fchrer \u2013 Nare Mirzoyan, Stuttgart<\/strong><\/li>\n<li><strong>Stellv. Schriftf\u00fchrer \u2013 Anush Aslanyan, Ludwigsburg<\/strong><\/li>\n<li><strong>Beisitzer \u2013 Agaron Nuroyan, Stuttgart<\/strong><\/li>\n<\/ul>\n<p>Der Beschluss der Sitzung wurde\u00a0<span class=\"nolink\">am 21.06.2024<\/span><br \/>\nvon S. E. Bischof Serovpe Isakhanyan schriftlich best\u00e4tigt.<\/p>\n<\/div><\/div><\/div><div class=\"fusion-layout-column fusion_builder_column fusion-builder-column-1 fusion_builder_column_1_3 1_3 fusion-flex-column\" style=\"--awb-padding-top:20px;--awb-padding-right:20px;--awb-padding-bottom:20px;--awb-padding-left:20px;--awb-bg-color:var(--awb-color3);--awb-bg-color-hover:var(--awb-color3);--awb-bg-size:cover;--awb-width-large:33.333333333333%;--awb-margin-top-large:0px;--awb-spacing-right-large:5.76%;--awb-margin-bottom-large:20px;--awb-spacing-left-large:5.76%;--awb-width-medium:100%;--awb-order-medium:0;--awb-spacing-right-medium:1.92%;--awb-spacing-left-medium:1.92%;--awb-width-small:100%;--awb-order-small:0;--awb-spacing-right-small:1.92%;--awb-spacing-left-small:1.92%;\"><div class=\"fusion-column-wrapper fusion-column-has-shadow fusion-flex-justify-content-flex-start fusion-content-layout-column\"><div class=\"fusion-title title fusion-title-2 fusion-sep-none fusion-title-text fusion-title-size-three\" style=\"--awb-margin-top-small:10px;--awb-margin-right-small:0px;--awb-margin-bottom-small:10px;--awb-margin-left-small:0px;\"><h3 class=\"fusion-title-heading title-heading-left fusion-responsive-typography-calculated\" style=\"margin:0;--fontSize:23;--minFontSize:23;line-height:1.2;\">Schreiben Sie uns&#8230;<\/h3><\/div><div class=\"fusion-text fusion-text-2\"><p id=\"cc-m-header-9984873995\">Haben Sie Fragen, Anregungen, W\u00fcnsche? Dann schreiben Sie uns!<\/p>\n<\/div>\n<div class=\"wpcf7 no-js\" id=\"wpcf7-f6963-o1\" lang=\"de-DE\" dir=\"ltr\" data-wpcf7-id=\"6963\">\n<div class=\"screen-reader-response\"><p role=\"status\" aria-live=\"polite\" aria-atomic=\"true\"><\/p> <ul><\/ul><\/div>\n<form action=\"\/am\/wp-json\/wp\/v2\/pages\/12436#wpcf7-f6963-o1\" method=\"post\" class=\"wpcf7-form init\" aria-label=\"Kontaktformular\" novalidate=\"novalidate\" data-status=\"init\" data-trp-original-action=\"\/am\/wp-json\/wp\/v2\/pages\/12436#wpcf7-f6963-o1\">\n<fieldset class=\"hidden-fields-container\"><input type=\"hidden\" name=\"_wpcf7\" value=\"6963\" \/><input type=\"hidden\" name=\"_wpcf7_version\" value=\"6.1.5\" \/><input type=\"hidden\" name=\"_wpcf7_locale\" value=\"de_DE\" \/><input type=\"hidden\" name=\"_wpcf7_unit_tag\" value=\"wpcf7-f6963-o1\" \/><input type=\"hidden\" name=\"_wpcf7_container_post\" value=\"0\" \/><input type=\"hidden\" name=\"_wpcf7_posted_data_hash\" value=\"\" \/><input type=\"hidden\" name=\"_wpcf7_recaptcha_response\" value=\"\" \/>\n<\/fieldset>\n<div class=\"fusion-alert alert custom alert-custom fusion-alert-center wpcf7-response-output awb-alert-native-link-color alert-dismissable awb-alert-close-boxed\" style=\"--awb-border-size:1px;--awb-border-top-left-radius:0px;--awb-border-top-right-radius:0px;--awb-border-bottom-left-radius:0px;--awb-border-bottom-right-radius:0px;\" role=\"alert\"><div class=\"fusion-alert-content-wrapper\"><span class=\"fusion-alert-content\"><\/span><\/div><button type=\"button\" class=\"close toggle-alert\" data-dismiss=\"alert\" aria-label=\"Close\">&times;<\/button><\/div>\n<p><label> Ihr Name<br \/>\n<span class=\"wpcf7-form-control-wrap\" data-name=\"your-name\"><input size=\"40\" maxlength=\"400\" class=\"wpcf7-form-control wpcf7-text wpcf7-validates-as-required\" aria-required=\"true\" aria-invalid=\"false\" value=\"\" type=\"text\" name=\"your-name\" \/><\/span> <\/label>\n<\/p>\n<p><label> Ihre E-Mail-Adresse<br \/>\n<span class=\"wpcf7-form-control-wrap\" data-name=\"your-email\"><input size=\"40\" maxlength=\"400\" class=\"wpcf7-form-control wpcf7-email wpcf7-validates-as-required wpcf7-text wpcf7-validates-as-email\" aria-required=\"true\" aria-invalid=\"false\" value=\"\" type=\"email\" name=\"your-email\" \/><\/span> <\/label>\n<\/p>\n<p><label> Betreff<br \/>\n<span class=\"wpcf7-form-control-wrap\" data-name=\"betreff\"><input size=\"40\" maxlength=\"400\" class=\"wpcf7-form-control wpcf7-text\" aria-invalid=\"false\" value=\"\" type=\"text\" name=\"betreff\" \/><\/span> <\/label>\n<\/p>\n<p><label> Ihre Nachricht<br \/>\n<span class=\"wpcf7-form-control-wrap\" data-name=\"ihre-nachricht\"><textarea cols=\"40\" rows=\"10\" maxlength=\"2000\" class=\"wpcf7-form-control wpcf7-textarea\" aria-invalid=\"false\" name=\"ihre-nachricht\"><\/textarea><\/span> <\/label>\n<\/p>\n<p><label> <input class=\"wpcf7-form-control wpcf7-submit has-spinner\" type=\"submit\" value=\"Senden\" \/> <\/label>\n<\/p>\n<input type=\"hidden\" name=\"trp-form-language\" value=\"am\"\/><\/form>\n<\/div>\n<\/div><\/div><\/div><\/div><div class=\"fusion-fullwidth fullwidth-box fusion-builder-row-2 fusion-flex-container has-pattern-background has-mask-background nonhundred-percent-fullwidth non-hundred-percent-height-scrolling\" style=\"--awb-border-radius-top-left:0px;--awb-border-radius-top-right:0px;--awb-border-radius-bottom-right:0px;--awb-border-radius-bottom-left:0px;--awb-flex-wrap:wrap;\" ><div class=\"fusion-builder-row fusion-row fusion-flex-align-items-flex-start fusion-flex-content-wrap\" style=\"max-width:1248px;margin-left: calc(-4% \/ 2 );margin-right: calc(-4% \/ 2 );\"><div class=\"fusion-layout-column fusion_builder_column fusion-builder-column-2 fusion_builder_column_1_1 1_1 fusion-flex-column\" style=\"--awb-bg-size:cover;--awb-width-large:100%;--awb-margin-top-large:0px;--awb-spacing-right-large:1.92%;--awb-margin-bottom-large:20px;--awb-spacing-left-large:1.92%;--awb-width-medium:100%;--awb-order-medium:0;--awb-spacing-right-medium:1.92%;--awb-spacing-left-medium:1.92%;--awb-width-small:100%;--awb-order-small:0;--awb-spacing-right-small:1.92%;--awb-spacing-left-small:1.92%;\"><div class=\"fusion-column-wrapper fusion-column-has-shadow fusion-flex-justify-content-flex-start fusion-content-layout-column\"><div class=\"fusion-separator fusion-full-width-sep\" style=\"align-self: center;margin-left: auto;margin-right: auto;margin-top:15px;margin-bottom:15px;width:100%;\"><div class=\"fusion-separator-border sep-single sep-solid\" style=\"--awb-height:20px;--awb-amount:20px;border-color:#ffac00;border-top-width:1px;\"><\/div><\/div><div class=\"fusion-testimonials clean awb-speech-bubble-show fusion-testimonials-1\" style=\"--awb-textcolor:#4a4e57;--awb-backgroundcolor:#f9f9fb;--awb-testimonial-border-style:solid;--awb-testimonial-border-color:var(--awb-color3);--awb-border-top-left-radius:0px;--awb-border-top-right-radius:0px;--awb-border-bottom-left-radius:0px;--awb-border-bottom-right-radius:0px;--testimonial-border-width-top:0px;--testimonial-border-width-right:0px;--testimonial-border-width-bottom:0px;--testimonial-border-width-left:0px;\" data-random=\"1\" data-speed=\"8000\"><div class=\"reviews\"><div class=\"review active-testimonial avatar-above avatar-image\"><div class=\"testimonial-thumbnail\"><img decoding=\"async\" class=\"testimonial-image\" src=\"https:\/\/agbw.org\/wp-content\/uploads\/2023\/01\/Aharon-Nuroyan.png\" width=\"1094\" height=\"1092\" \/><\/div><blockquote class=\"testimonials-shortcode-blockquote\"><div class=\"awb-quote\"><div class=\"awb-quote-content\">\n<p>Wenn ich \u00fcber Wurzeln als Symbol nachdenke, so denke ich an meine Eltern, Verwandte und Freunde, unser Heimatland insgesamt. Sie bewahren meine Vergangenheit und sind f\u00fcr mich eine besondere Quelle f\u00fcr Energie und Inspirationen.<\/p>\n<p>Die Kirche ist f\u00fcr mich das Kommunikationsmittel sowohl mit dem Got, als auch mit meiner Heimat in der Vergangenheit und Gegenwart. Sie ist Teil unserer Identit\u00e4t, der H\u00fcter unserer Werte und Traditionen und somit eine der st\u00e4rksten Vereinigungskraften f\u00fcr uns &#8211; Armenier. F\u00fcr mich selbst ist sehr wichtig, unsere Identit\u00e4t und Verbindung mit der Heimat zu behalten und an unsere Kinder weiterzugeben.<\/p>\n<\/div><\/div><\/blockquote><div class=\"author\"><span class=\"company-name\"><strong>Agaron Nuroyan<\/strong>, <span>Beisitzer<\/span><\/span><\/div><\/div><div class=\"review avatar-above avatar-image\"><div class=\"testimonial-thumbnail\"><img decoding=\"async\" class=\"testimonial-image\" src=\"https:\/\/agbw.org\/wp-content\/uploads\/2023\/01\/Michael-Hambardzumyan.png\" width=\"582\" height=\"582\" \/><\/div><blockquote class=\"testimonials-shortcode-blockquote\"><div class=\"awb-quote\"><div class=\"awb-quote-content\">Armenische Kirche bedeutet f\u00fcr mich: \u00dcberall auf der Welt Heimatgef\u00fchle zu bekommen. Im Miteinander Gott anzubeten und so Hoffnung und Liebe zu erfahren.<\/p>\n<p>Ich bin im Vorstand, weil es sich bei meinem Engagement f\u00fcr die Projekte und der Unterst\u00fctzung bei der Organisation des Gemeindelebens nicht nur um reines Interesse handelt, sondern um den Wunsch, die Verbindungen zwischen unseren Gemeindemitgliedern und der Armenischen Kirche zu st\u00e4rken und zu festigen.<\/div><\/div><\/blockquote><div class=\"author\"><span class=\"company-name\"><strong>Michael Hambarzumyan<\/strong>, <span>Stellv. Vorsitzender<\/span><\/span><\/div><\/div><div class=\"review avatar-above avatar-image\"><div class=\"testimonial-thumbnail\"><img decoding=\"async\" class=\"testimonial-image\" src=\"https:\/\/agbw.org\/wp-content\/uploads\/2023\/01\/Kristina-Bagratuni.png\" width=\"585\" height=\"584\" \/><\/div><blockquote class=\"testimonials-shortcode-blockquote\"><div class=\"awb-quote\"><div class=\"awb-quote-content\">\n<p>Als armenisch-apostolische Christin wei\u00df ich, dass die Armenier dank Ihrer Kirche ihre Identit\u00e4t bewahren konnten. Wir sind in ihr verwurzelt. Bei Wurzeln denke ich an das Allerwichtigste. Man muss sich nur eine Pflanze vorstellen, die entwurzelt ist. Dieser Pflanze bleibt nur \u00fcbrig, zu verwelken.<\/p>\n<p>Ich bin Musikerin. Durch meine Mitwirkung im Vorstand unserer Gemeinde m\u00f6chte ich mich deshalb aktiver im Bereich der kulturellen Aufgaben sowie f\u00fcr die St\u00e4rkung unserer Verbundenheit und die Bewahrung der armenischen Identit\u00e4t einsetzen.<\/p>\n<\/div><\/div><\/blockquote><div class=\"author\"><span class=\"company-name\"><strong>Kristina Bagratuni<\/strong>, <span>Schriftf\u00fchrerin<\/span><\/span><\/div><\/div><div class=\"review avatar-above avatar-image\"><div class=\"testimonial-thumbnail\"><img decoding=\"async\" class=\"testimonial-image\" src=\"https:\/\/agbw.org\/wp-content\/uploads\/2023\/01\/Nare-Mirzoyan.png\" width=\"493\" height=\"493\" \/><\/div><blockquote class=\"testimonials-shortcode-blockquote\"><div class=\"awb-quote\"><div class=\"awb-quote-content\">Die Armenische Kirche ist f\u00fcr mich die \u201eHaupts\u00e4ule\u201c unserer armenischen Identit\u00e4t, welche die Verbindung zwischen Menschen und Gott herstellt. Gerne will ich unsere Kirchengemeinde unterst\u00fctzen, damit sie Ihre satzungsgem\u00e4\u00dfen Ziele umsetzen kann. So will ich auch ein gutes Beispiel f\u00fcr meinen Sohn sein.<\/p>\n<p>Einer meiner W\u00fcnsche ist, dass unsere Kinder mit der Kirche, mit unserem Glauben an Gott aber auch mit den Landsleuten eine enge und lebendige\u00a0 Verbindung haben. Neben dem Glauben ist mir auch die Sprache, die Kultur und die Tradition sehr wichtig.<\/div><\/div><\/blockquote><div class=\"author\"><span class=\"company-name\"><strong>Nare Mirzoyan<\/strong>, <span>Stellv. Schriftf\u00fchrerin<\/span><\/span><\/div><\/div><div class=\"review avatar-above avatar-image\"><div class=\"testimonial-thumbnail\"><img decoding=\"async\" class=\"testimonial-image\" src=\"https:\/\/agbw.org\/wp-content\/uploads\/2023\/01\/Perc-Takesian.png\" width=\"251\" height=\"251\" \/><\/div><blockquote class=\"testimonials-shortcode-blockquote\"><div class=\"awb-quote\"><div class=\"awb-quote-content\">\n<p>Die Armenische Kirche und unsere Gemeinde sind ein Ort, in dem wir unseren Glauben, unsere Kultur und unsere Sprache sp\u00fcrbar erleben.<\/p>\n<p>Mein Engagement in der Gemeinde ist ein Dienst an Gott, an der Armenische Kirche und dem armenische Volk. In den kommenden Jahren versuche ich mein Bestes zu tun, damit unsere Gemeindemitglieder sich bei uns wohl und beheimatet f\u00fchlen.<\/p>\n<\/div><\/div><\/blockquote><div class=\"author\"><span class=\"company-name\"><strong>Berc Takesian<\/strong>, <span>Weltlicher Vorsitzender<\/span><\/span><\/div><\/div><div class=\"review avatar-above avatar-image\"><div class=\"testimonial-thumbnail\"><img decoding=\"async\" class=\"testimonial-image\" src=\"https:\/\/agbw.org\/wp-content\/uploads\/2023\/01\/Murat-Togac.png\" width=\"572\" height=\"572\" \/><\/div><blockquote class=\"testimonials-shortcode-blockquote\"><div class=\"awb-quote\"><div class=\"awb-quote-content\">Wir Armenier leben durch unseren Glauben. Und die Kirche ist der Ort, wo wir gemeinsam beten und nah zu Gott sind. Lieblingsplatz in der Kirche ist sobald ich zur T\u00fcre rein gehe. Unser Glaube verbindet uns alle und f\u00fchrt uns in der Kirche zusammen.<\/p>\n<p>An erster Stelle ist es nat\u00fcrlich, wie auch als ein Familienvater, f\u00fcr die Zukunft zu sorgen. Aber auch ist mir wichtig, unsere Kirche mit Gl\u00e4ubigern zu f\u00fcllen. Die Menschen davon zu \u00fcberzeugen, da\u00df hier was tolles entsteht, wo alle was davon haben werden!<\/div><\/div><\/blockquote><div class=\"author\"><span class=\"company-name\"><strong>Murat Togac<\/strong>, <span>Stellv. Kassenwart<\/span><\/span><\/div><\/div><div class=\"review avatar-above avatar-image\"><div class=\"testimonial-thumbnail\"><img decoding=\"async\" class=\"testimonial-image\" src=\"https:\/\/agbw.org\/wp-content\/uploads\/2023\/01\/Stella-Vekilyan.png\" width=\"580\" height=\"579\" \/><\/div><blockquote class=\"testimonials-shortcode-blockquote\"><div class=\"awb-quote\"><div class=\"awb-quote-content\">Die Kirche ist f\u00fcr mich die Heimat f\u00fcr meine Seele. Mein Lieblingsplatz ist neben den Ikonen und den Kerzen, wo ich mich geborgen f\u00fchle. Mit der Armenischen Kirche verbindet mich meine Herkunft, mein Glaube und mein heutiges Leben. Sie gibt uns Halt und Kraft f\u00fcr neue Aufgaben.<\/p>\n<p>DIe Sehnsucht nach Gesundheit, Frieden und Gottes N\u00e4he f\u00fchren mich in unsere Kirche, wo ich mich als Vorstandsmitglied engagiere um Gott und der Gemeinde zu dienen. Gerne m\u00f6chte daf\u00fcr einsetzen, dass kulturelle und geistliche Br\u00fccken zwischen Armenien und Deutschland aufgebaut werden und dass die Menschen sich in unserer Gemeinde wohl f\u00fchlen.<\/div><\/div><\/blockquote><div class=\"author\"><span class=\"company-name\"><strong>Stella Vekilyan<\/strong>, <span>Kassenwart<\/span><\/span><\/div><\/div><\/div><div class=\"testimonial-pagination\" id=\"fusion-testimonials-1\"><a href=\"#\" aria-label=\"Testimonial Pagination\"  class=\"activeSlide\"><\/a><a href=\"#\" aria-label=\"Testimonial Pagination\" ><\/a><a href=\"#\" aria-label=\"Testimonial Pagination\" ><\/a><a href=\"#\" aria-label=\"Testimonial Pagination\" ><\/a><a href=\"#\" aria-label=\"Testimonial Pagination\" ><\/a><a href=\"#\" aria-label=\"Testimonial Pagination\" ><\/a><a href=\"#\" aria-label=\"Testimonial Pagination\" ><\/a><\/div><\/div><\/div><\/div><\/div><\/div><\/p>","protected":false},"excerpt":{"rendered":"","protected":false},"author":1,"featured_media":10780,"parent":0,"menu_order":0,"comment_status":"closed","ping_status":"closed","template":"","meta":{"footnotes":""},"class_list":["post-12436","page","type-page","status-publish","has-post-thumbnail","hentry"],"_links":{"self":[{"href":"https:\/\/agbw.org\/am\/wp-json\/wp\/v2\/pages\/12436","targetHints":{"allow":["GET"]}}],"collection":[{"href":"https:\/\/agbw.org\/am\/wp-json\/wp\/v2\/pages"}],"about":[{"href":"https:\/\/agbw.org\/am\/wp-json\/wp\/v2\/types\/page"}],"author":[{"embeddable":true,"href":"https:\/\/agbw.org\/am\/wp-json\/wp\/v2\/users\/1"}],"replies":[{"embeddable":true,"href":"https:\/\/agbw.org\/am\/wp-json\/wp\/v2\/comments?post=12436"}],"version-history":[{"count":2,"href":"https:\/\/agbw.org\/am\/wp-json\/wp\/v2\/pages\/12436\/revisions"}],"predecessor-version":[{"id":21477,"href":"https:\/\/agbw.org\/am\/wp-json\/wp\/v2\/pages\/12436\/revisions\/21477"}],"wp:featuredmedia":[{"embeddable":true,"href":"https:\/\/agbw.org\/am\/wp-json\/wp\/v2\/media\/10780"}],"wp:attachment":[{"href":"https:\/\/agbw.org\/am\/wp-json\/wp\/v2\/media?parent=12436"}],"curies":[{"name":"wp","href":"https:\/\/api.w.org\/{rel}","templated":true}]}}