{"id":14754,"date":"2023-03-01T07:58:49","date_gmt":"2023-03-01T06:58:49","guid":{"rendered":"https:\/\/agbw.org\/?page_id=14754"},"modified":"2023-03-11T07:58:05","modified_gmt":"2023-03-11T06:58:05","slug":"kirchencafe","status":"publish","type":"page","link":"https:\/\/agbw.org\/am\/kirchencafe\/","title":{"rendered":"Kirchencaf\u00e9"},"content":{"rendered":"<div class=\"fusion-fullwidth fullwidth-box fusion-builder-row-1 fusion-flex-container has-pattern-background has-mask-background nonhundred-percent-fullwidth non-hundred-percent-height-scrolling\" style=\"--awb-border-radius-top-left:0px;--awb-border-radius-top-right:0px;--awb-border-radius-bottom-right:0px;--awb-border-radius-bottom-left:0px;--awb-flex-wrap:wrap;\" ><div class=\"fusion-builder-row fusion-row fusion-flex-align-items-flex-start fusion-flex-content-wrap\" style=\"max-width:1248px;margin-left: calc(-4% \/ 2 );margin-right: calc(-4% \/ 2 );\"><div class=\"fusion-layout-column fusion_builder_column fusion-builder-column-0 fusion_builder_column_1_1 1_1 fusion-flex-column\" style=\"--awb-bg-size:cover;--awb-width-large:100%;--awb-margin-top-large:0px;--awb-spacing-right-large:1.92%;--awb-margin-bottom-large:20px;--awb-spacing-left-large:1.92%;--awb-width-medium:100%;--awb-order-medium:0;--awb-spacing-right-medium:1.92%;--awb-spacing-left-medium:1.92%;--awb-width-small:100%;--awb-order-small:0;--awb-spacing-right-small:1.92%;--awb-spacing-left-small:1.92%;\"><div class=\"fusion-column-wrapper fusion-column-has-shadow fusion-flex-justify-content-flex-start fusion-content-layout-column\"><div class=\"fusion-title title fusion-title-1 fusion-sep-none fusion-title-text fusion-title-size-one\" style=\"--awb-margin-top-small:10px;--awb-margin-right-small:0px;--awb-margin-bottom-small:10px;--awb-margin-left-small:0px;\"><h1 class=\"fusion-title-heading title-heading-left fusion-responsive-typography-calculated\" style=\"margin:0;--fontSize:35;line-height:1.2;\"><strong><span style=\"color: #003366;\">Kirchencaf\u00e9<\/span><\/strong><\/h1><\/div><div class=\"fusion-text fusion-text-1\"><p><strong><span style=\"color: #003366;\">Alle Gottesdienstbesucher laden wir herzlich, nach dem Surb Patarag, zum Kirchencaf\u00e9 ein!<\/span><\/strong><\/p>\n<p>Im Anschluss an den Gottesdienst haben Sie bei Kaffee und hausgemachtem Geb\u00e4ck die M\u00f6glichkeit, sich in gem\u00fctlicher Runde im Gemeindehaus auszutauschen. Gelegentlich gibt es auch Anschlussveranstaltungen, \u00fcber die wir auf unserer Webseite informieren.<\/p>\n<p>Den Kirchencaf\u00e9\u00a0bereiten jeweils ein paar freiwillige Helfer*innen zu, die auch den Ausschank und den Abwasch \u00fcbernehmen. Gerne k\u00f6nnen auch Sie sich bei unserem <strong><a href=\"https:\/\/agbw.org\/gemeindevorstand\/\" target=\"_blank\" rel=\"noopener\">Vorstand<\/a><\/strong> anmelden. Der Aufwand daf\u00fcr h\u00e4lt sich in Grenzen und es macht Spa\u00df, dabei mit den Gottesdienstbesuchern ins Gespr\u00e4ch zu kommen.<\/p>\n<p>Wir freuen uns \u00fcber eine Verst\u00e4rkung in allen St\u00e4dten, wo wir Gottesdienste feiern (G\u00f6ppingen, Stuttgart, Heidelberg, Karlsruhe, Weingarten). Sonntags eine Stunde vor dem Gottesdienst beginnt die Vorbereitung der Kaffeetafel: Tische eindecken, Kaffee und Tee kochen, Kuchenteller vorbereiten und zum Ende aufr\u00e4umen.<\/p>\n<p><span style=\"text-decoration: underline;\">P.S. als kleines Dank f\u00fcr Ihren Aufwand k\u00f6nnen wir am Sonntag Ihres Dienstes, nach Surb Patarag, ein Hogehangist (Gedenkgottesdienst) f\u00fcr Ihre entschlafenen Verwandten zelebrieren. Sprechen Sie diesbez\u00fcglich gerne unseren <strong><a href=\"https:\/\/agbw.org\/pfarrer_sardaryan\/\" target=\"_blank\" rel=\"noopener\">Gemeindepfarrer<\/a><\/strong> an.<\/span><br \/>\n_<\/p>\n<\/div><\/div><\/div><div class=\"fusion-layout-column fusion_builder_column fusion-builder-column-1 fusion_builder_column_1_3 1_3 fusion-flex-column\" style=\"--awb-bg-size:cover;--awb-width-large:33.333333333333%;--awb-margin-top-large:0px;--awb-spacing-right-large:5.76%;--awb-margin-bottom-large:20px;--awb-spacing-left-large:5.76%;--awb-width-medium:100%;--awb-order-medium:0;--awb-spacing-right-medium:1.92%;--awb-spacing-left-medium:1.92%;--awb-width-small:100%;--awb-order-small:0;--awb-spacing-right-small:1.92%;--awb-spacing-left-small:1.92%;\"><div class=\"fusion-column-wrapper fusion-column-has-shadow fusion-flex-justify-content-flex-start fusion-content-layout-column\"><div class=\"fusion-image-element \" style=\"--awb-caption-title-font-family:var(--h2_typography-font-family);--awb-caption-title-font-weight:var(--h2_typography-font-weight);--awb-caption-title-font-style:var(--h2_typography-font-style);--awb-caption-title-size:var(--h2_typography-font-size);--awb-caption-title-transform:var(--h2_typography-text-transform);--awb-caption-title-line-height:var(--h2_typography-line-height);--awb-caption-title-letter-spacing:var(--h2_typography-letter-spacing);\"><span class=\" fusion-imageframe imageframe-none imageframe-1 hover-type-none\" style=\"border:4px solid #e2e2e2;\"><a href=\"https:\/\/agbw.org\/wp-content\/uploads\/2023\/01\/Stella-Vekilyan.png\" class=\"fusion-lightbox\" data-rel=\"iLightbox[e7d2e7312f63b3f3eac]\" data-title=\"Stella Vekilyan\" title=\"Stella Vekilyan\"><img decoding=\"async\" width=\"580\" height=\"579\" src=\"https:\/\/agbw.org\/wp-content\/uploads\/2023\/01\/Stella-Vekilyan.png\" alt class=\"img-responsive wp-image-13788\" srcset=\"https:\/\/agbw.org\/wp-content\/uploads\/2023\/01\/Stella-Vekilyan-200x200.png 200w, https:\/\/agbw.org\/wp-content\/uploads\/2023\/01\/Stella-Vekilyan.png 580w\" sizes=\"(max-width: 1024px) 100vw, (max-width: 640px) 100vw, 580px\" \/><\/a><\/span><\/div><\/div><\/div><div class=\"fusion-layout-column fusion_builder_column fusion-builder-column-2 fusion_builder_column_2_3 2_3 fusion-flex-column\" style=\"--awb-bg-size:cover;--awb-width-large:66.666666666667%;--awb-margin-top-large:0px;--awb-spacing-right-large:2.88%;--awb-margin-bottom-large:20px;--awb-spacing-left-large:2.88%;--awb-width-medium:100%;--awb-order-medium:0;--awb-spacing-right-medium:1.92%;--awb-spacing-left-medium:1.92%;--awb-width-small:100%;--awb-order-small:0;--awb-spacing-right-small:1.92%;--awb-spacing-left-small:1.92%;\"><div class=\"fusion-column-wrapper fusion-column-has-shadow fusion-flex-justify-content-flex-start fusion-content-layout-column\"><div class=\"fusion-text fusion-text-2\"><p>Leitung und Organisation:<\/p>\n<p><strong>Stella Vekilyan<\/strong><br \/>\n<em>Vorstandsmitglied der AGBW<\/em><br \/>\nTel.: +49 177 6280895<br \/>\nE-Mail: <a href=\"mailto:vekilyan@agbw.org\" target=\"_blank\" rel=\"noopener\">vekilyan@agbw.org<\/a><\/p>\n<\/div><\/div><\/div><div class=\"fusion-layout-column fusion_builder_column fusion-builder-column-3 fusion_builder_column_1_1 1_1 fusion-flex-column\" style=\"--awb-bg-size:cover;--awb-width-large:100%;--awb-margin-top-large:0px;--awb-spacing-right-large:1.92%;--awb-margin-bottom-large:20px;--awb-spacing-left-large:1.92%;--awb-width-medium:100%;--awb-order-medium:0;--awb-spacing-right-medium:1.92%;--awb-spacing-left-medium:1.92%;--awb-width-small:100%;--awb-order-small:0;--awb-spacing-right-small:1.92%;--awb-spacing-left-small:1.92%;\"><div class=\"fusion-column-wrapper fusion-column-has-shadow fusion-flex-justify-content-flex-start fusion-content-layout-column\"><div class=\"fusion-separator fusion-full-width-sep\" style=\"align-self: center;margin-left: auto;margin-right: auto;margin-top:15px;margin-bottom:15px;width:100%;\"><div class=\"fusion-separator-border sep-double sep-solid\" style=\"--awb-height:20px;--awb-amount:20px;border-color:#ffac00;border-top-width:1px;border-bottom-width:1px;\"><\/div><\/div><div class=\"fusion-title title fusion-title-2 fusion-sep-none fusion-title-text fusion-title-size-three\" style=\"--awb-margin-top-small:10px;--awb-margin-right-small:0px;--awb-margin-bottom-small:10px;--awb-margin-left-small:0px;\"><h3 class=\"fusion-title-heading title-heading-left fusion-responsive-typography-calculated\" style=\"margin:0;--fontSize:23;--minFontSize:23;line-height:1.2;\">Sie m\u00f6chten mitwirken? Wir freuen uns auf Sie.<\/h3><\/div><div class=\"fusion-text fusion-text-3\"><p>Gerne k\u00f6nnen Sie uns hier Ihre Fragen stellen bzw. uns Termine mitteilen, an denen Sie im Team mitwirken oder einen Kuchen spenden m\u00f6chten. Wir sind f\u00fcr jede Hilfe dankbar!<\/p>\n<\/div><p class=\"wpcf7-contact-form-not-found\"><strong>Error:<\/strong> Contact form not found.<\/p><\/div><\/div><\/div><\/div>\n","protected":false},"excerpt":{"rendered":"","protected":false},"author":1,"featured_media":12548,"parent":0,"menu_order":0,"comment_status":"closed","ping_status":"closed","template":"","meta":{"footnotes":""},"class_list":["post-14754","page","type-page","status-publish","has-post-thumbnail","hentry"],"_links":{"self":[{"href":"https:\/\/agbw.org\/am\/wp-json\/wp\/v2\/pages\/14754","targetHints":{"allow":["GET"]}}],"collection":[{"href":"https:\/\/agbw.org\/am\/wp-json\/wp\/v2\/pages"}],"about":[{"href":"https:\/\/agbw.org\/am\/wp-json\/wp\/v2\/types\/page"}],"author":[{"embeddable":true,"href":"https:\/\/agbw.org\/am\/wp-json\/wp\/v2\/users\/1"}],"replies":[{"embeddable":true,"href":"https:\/\/agbw.org\/am\/wp-json\/wp\/v2\/comments?post=14754"}],"version-history":[{"count":0,"href":"https:\/\/agbw.org\/am\/wp-json\/wp\/v2\/pages\/14754\/revisions"}],"wp:featuredmedia":[{"embeddable":true,"href":"https:\/\/agbw.org\/am\/wp-json\/wp\/v2\/media\/12548"}],"wp:attachment":[{"href":"https:\/\/agbw.org\/am\/wp-json\/wp\/v2\/media?parent=14754"}],"curies":[{"name":"wp","href":"https:\/\/api.w.org\/{rel}","templated":true}]}}