{"id":21671,"date":"2025-11-01T06:51:26","date_gmt":"2025-11-01T05:51:26","guid":{"rendered":"https:\/\/agbw.org\/?page_id=21671"},"modified":"2025-11-01T06:51:26","modified_gmt":"2025-11-01T05:51:26","slug":"familien","status":"publish","type":"page","link":"https:\/\/agbw.org\/am\/familien\/","title":{"rendered":"Familien"},"content":{"rendered":"<div class=\"fusion-fullwidth fullwidth-box fusion-builder-row-1 fusion-flex-container has-pattern-background has-mask-background nonhundred-percent-fullwidth non-hundred-percent-height-scrolling\" style=\"--awb-border-radius-top-left:0px;--awb-border-radius-top-right:0px;--awb-border-radius-bottom-right:0px;--awb-border-radius-bottom-left:0px;--awb-flex-wrap:wrap;\" ><div class=\"fusion-builder-row fusion-row fusion-flex-align-items-flex-start fusion-flex-content-wrap\" style=\"max-width:1248px;margin-left: calc(-4% \/ 2 );margin-right: calc(-4% \/ 2 );\"><div class=\"fusion-layout-column fusion_builder_column fusion-builder-column-0 fusion_builder_column_1_1 1_1 fusion-flex-column\" style=\"--awb-bg-size:cover;--awb-width-large:100%;--awb-margin-top-large:0px;--awb-spacing-right-large:1.92%;--awb-margin-bottom-large:20px;--awb-spacing-left-large:1.92%;--awb-width-medium:100%;--awb-order-medium:0;--awb-spacing-right-medium:1.92%;--awb-spacing-left-medium:1.92%;--awb-width-small:100%;--awb-order-small:0;--awb-spacing-right-small:1.92%;--awb-spacing-left-small:1.92%;\"><div class=\"fusion-column-wrapper fusion-column-has-shadow fusion-flex-justify-content-flex-start fusion-content-layout-column\"><div class=\"fusion-title title fusion-title-1 fusion-sep-none fusion-title-text fusion-title-size-one\" style=\"--awb-margin-top-small:10px;--awb-margin-right-small:0px;--awb-margin-bottom-small:10px;--awb-margin-left-small:0px;\"><h1 class=\"fusion-title-heading title-heading-left fusion-responsive-typography-calculated\" style=\"margin:0;--fontSize:35;line-height:1.2;\"><p style=\"text-align: center;\">Familien in der Armenischen Gemeinde Baden-W\u00fcrttemberg<\/p><\/h1><\/div><div class=\"fusion-title title fusion-title-2 fusion-sep-none fusion-title-text fusion-title-size-two\" style=\"--awb-margin-top-small:10px;--awb-margin-right-small:0px;--awb-margin-bottom-small:10px;--awb-margin-left-small:0px;\"><h2 class=\"fusion-title-heading title-heading-left fusion-responsive-typography-calculated\" style=\"margin:0;--fontSize:28;line-height:1.2;\"><p style=\"text-align: center;\">Glaube leben \u2013 Gemeinschaft gestalten \u2013 Familie st\u00e4rken<\/p><\/h2><\/div><div class=\"fusion-separator fusion-full-width-sep\" style=\"align-self: center;margin-left: auto;margin-right: auto;margin-top:15px;margin-bottom:15px;width:100%;\"><div class=\"fusion-separator-border sep-double sep-solid\" style=\"--awb-height:20px;--awb-amount:20px;border-color:#ffac00;border-top-width:1px;border-bottom-width:1px;\"><\/div><\/div><div class=\"fusion-text fusion-text-1\"><p style=\"text-align: left;\" data-start=\"426\" data-end=\"658\">Familien sind das Herz unserer Gemeinde. Ob bei Gottesdiensten, Familienfesten oder besonderen Aktionen \u2013 wir m\u00f6chten Orte schaffen, an denen Kinder, Jugendliche, Eltern und Gro\u00dfeltern gemeinsam Glauben, Kultur und Gemeinschaft erleben k\u00f6nnen.<\/p>\n<p style=\"text-align: left;\" data-start=\"426\" data-end=\"658\">Neben den regelm\u00e4\u00dfigen <strong data-start=\"683\" data-end=\"701\">Gottesdiensten<\/strong>, <strong data-start=\"703\" data-end=\"720\">Haussegnungen (<\/strong><em>nach Vereinbarung<\/em><strong data-start=\"703\" data-end=\"720\">)<\/strong>\u00a0und <strong data-start=\"725\" data-end=\"755\">Gespr\u00e4chen mit dem Pfarrer<\/strong> bietet die Armenische Gemeinde Baden-W\u00fcrttemberg ein wachsendes Angebot f\u00fcr Familien an: vom <strong data-start=\"849\" data-end=\"873\">Familien-Erlebnistag<\/strong> (Ausfl\u00fcge mit der Samstagsschule Mashtoz) \u00fcber <strong data-start=\"879\" data-end=\"902\">Freizeitaktivit\u00e4ten<\/strong> bis hin zu <strong data-start=\"914\" data-end=\"953\">Bildungs- und Kulturveranstaltungen<\/strong>.<\/p>\n<p style=\"text-align: left;\" data-start=\"426\" data-end=\"658\">Unsere Programme richten sich an alle Generationen \u2013 <strong data-start=\"1011\" data-end=\"1054\">von den Kleinsten bis zu den Gro\u00dfeltern<\/strong> \u2013 und f\u00f6rdern Zusammenhalt, Austausch und gegenseitige Unterst\u00fctzung.<\/p>\n<\/div><div class=\"fusion-separator fusion-full-width-sep\" style=\"align-self: center;margin-left: auto;margin-right: auto;margin-top:15px;margin-bottom:15px;width:100%;\"><div class=\"fusion-separator-border sep-double sep-solid\" style=\"--awb-height:20px;--awb-amount:20px;border-color:#ffac00;border-top-width:1px;border-bottom-width:1px;\"><\/div><\/div><div class=\"fusion-text fusion-text-2\"><p style=\"text-align: center;\" data-start=\"1128\" data-end=\"1466\">Doch das ist erst der Anfang:<\/p>\n<p style=\"text-align: center;\" data-start=\"1128\" data-end=\"1466\">Wir laden Familien herzlich ein, <strong data-start=\"1193\" data-end=\"1222\">eigene Ideen einzubringen<\/strong>, <strong data-start=\"1224\" data-end=\"1250\">Projekte vorzuschlagen<\/strong> oder <strong data-start=\"1256\" data-end=\"1281\">selbst mitzugestalten<\/strong>. Ihre Initiative kann neue Impulse in unsere Gemeinschaft bringen \u2013 ob ein gemeinsamer Ausflug, ein Eltern-Kind-Projekt, ein thematischer Gespr\u00e4chsabend oder ein soziales Engagement.<\/p>\n<p style=\"text-align: center;\" data-start=\"1468\" data-end=\"1588\">So w\u00e4chst unsere Gemeinde \u2013 <strong data-start=\"1496\" data-end=\"1587\">durch die Vielfalt ihrer Familien, durch Glauben, Freude und gegenseitige Verantwortung<\/strong>.<\/p>\n<\/div><div class=\"fusion-separator fusion-full-width-sep\" style=\"align-self: center;margin-left: auto;margin-right: auto;margin-top:15px;margin-bottom:15px;width:100%;\"><div class=\"fusion-separator-border sep-double sep-solid\" style=\"--awb-height:20px;--awb-amount:20px;border-color:#ffac00;border-top-width:1px;border-bottom-width:1px;\"><\/div><\/div><div class=\"fusion-text fusion-text-3\"><p class=\"_04xlpA direction-ltr align-center para-style-body\" style=\"text-align: center;\"> <strong data-start=\"1593\" data-end=\"1648\">Sie m\u00f6chten mitwirken oder ein Projekt vorschlagen?<\/strong><br data-start=\"1648\" data-end=\"1651\" \/>Schreiben Sie uns \u2013 wir freuen uns auf Ihre Ideen!<\/p>\n<\/div>\n<div class=\"wpcf7 no-js\" id=\"wpcf7-f6963-o1\" lang=\"de-DE\" dir=\"ltr\" data-wpcf7-id=\"6963\">\n<div class=\"screen-reader-response\"><p role=\"status\" aria-live=\"polite\" aria-atomic=\"true\"><\/p> <ul><\/ul><\/div>\n<form action=\"\/am\/wp-json\/wp\/v2\/pages\/21671#wpcf7-f6963-o1\" method=\"post\" class=\"wpcf7-form init\" aria-label=\"Kontaktformular\" novalidate=\"novalidate\" data-status=\"init\" data-trp-original-action=\"\/am\/wp-json\/wp\/v2\/pages\/21671#wpcf7-f6963-o1\">\n<fieldset class=\"hidden-fields-container\"><input type=\"hidden\" name=\"_wpcf7\" value=\"6963\" \/><input type=\"hidden\" name=\"_wpcf7_version\" value=\"6.1.5\" \/><input type=\"hidden\" name=\"_wpcf7_locale\" value=\"de_DE\" \/><input type=\"hidden\" name=\"_wpcf7_unit_tag\" value=\"wpcf7-f6963-o1\" \/><input type=\"hidden\" name=\"_wpcf7_container_post\" value=\"0\" \/><input type=\"hidden\" name=\"_wpcf7_posted_data_hash\" value=\"\" \/><input type=\"hidden\" name=\"_wpcf7_recaptcha_response\" value=\"\" \/>\n<\/fieldset>\n<div class=\"fusion-alert alert custom alert-custom fusion-alert-center wpcf7-response-output awb-alert-native-link-color alert-dismissable awb-alert-close-boxed\" style=\"--awb-border-size:1px;--awb-border-top-left-radius:0px;--awb-border-top-right-radius:0px;--awb-border-bottom-left-radius:0px;--awb-border-bottom-right-radius:0px;\" role=\"alert\"><div class=\"fusion-alert-content-wrapper\"><span class=\"fusion-alert-content\"><\/span><\/div><button type=\"button\" class=\"close toggle-alert\" data-dismiss=\"alert\" aria-label=\"Close\">&times;<\/button><\/div>\n<p><label> Ihr Name<br \/>\n<span class=\"wpcf7-form-control-wrap\" data-name=\"your-name\"><input size=\"40\" maxlength=\"400\" class=\"wpcf7-form-control wpcf7-text wpcf7-validates-as-required\" aria-required=\"true\" aria-invalid=\"false\" value=\"\" type=\"text\" name=\"your-name\" \/><\/span> <\/label>\n<\/p>\n<p><label> Ihre E-Mail-Adresse<br \/>\n<span class=\"wpcf7-form-control-wrap\" data-name=\"your-email\"><input size=\"40\" maxlength=\"400\" class=\"wpcf7-form-control wpcf7-email wpcf7-validates-as-required wpcf7-text wpcf7-validates-as-email\" aria-required=\"true\" aria-invalid=\"false\" value=\"\" type=\"email\" name=\"your-email\" \/><\/span> <\/label>\n<\/p>\n<p><label> Betreff<br \/>\n<span class=\"wpcf7-form-control-wrap\" data-name=\"betreff\"><input size=\"40\" maxlength=\"400\" class=\"wpcf7-form-control wpcf7-text\" aria-invalid=\"false\" value=\"\" type=\"text\" name=\"betreff\" \/><\/span> <\/label>\n<\/p>\n<p><label> Ihre Nachricht<br \/>\n<span class=\"wpcf7-form-control-wrap\" data-name=\"ihre-nachricht\"><textarea cols=\"40\" rows=\"10\" maxlength=\"2000\" class=\"wpcf7-form-control wpcf7-textarea\" aria-invalid=\"false\" name=\"ihre-nachricht\"><\/textarea><\/span> <\/label>\n<\/p>\n<p><label> <input class=\"wpcf7-form-control wpcf7-submit has-spinner\" type=\"submit\" value=\"Senden\" \/> <\/label>\n<\/p>\n<input type=\"hidden\" name=\"trp-form-language\" value=\"am\"\/><\/form>\n<\/div>\n<\/div><\/div><\/div><\/div>","protected":false},"excerpt":{"rendered":"","protected":false},"author":1,"featured_media":20672,"parent":0,"menu_order":0,"comment_status":"closed","ping_status":"closed","template":"100-width.php","meta":{"footnotes":""},"class_list":["post-21671","page","type-page","status-publish","has-post-thumbnail","hentry"],"_links":{"self":[{"href":"https:\/\/agbw.org\/am\/wp-json\/wp\/v2\/pages\/21671","targetHints":{"allow":["GET"]}}],"collection":[{"href":"https:\/\/agbw.org\/am\/wp-json\/wp\/v2\/pages"}],"about":[{"href":"https:\/\/agbw.org\/am\/wp-json\/wp\/v2\/types\/page"}],"author":[{"embeddable":true,"href":"https:\/\/agbw.org\/am\/wp-json\/wp\/v2\/users\/1"}],"replies":[{"embeddable":true,"href":"https:\/\/agbw.org\/am\/wp-json\/wp\/v2\/comments?post=21671"}],"version-history":[{"count":2,"href":"https:\/\/agbw.org\/am\/wp-json\/wp\/v2\/pages\/21671\/revisions"}],"predecessor-version":[{"id":21674,"href":"https:\/\/agbw.org\/am\/wp-json\/wp\/v2\/pages\/21671\/revisions\/21674"}],"wp:featuredmedia":[{"embeddable":true,"href":"https:\/\/agbw.org\/am\/wp-json\/wp\/v2\/media\/20672"}],"wp:attachment":[{"href":"https:\/\/agbw.org\/am\/wp-json\/wp\/v2\/media?parent=21671"}],"curies":[{"name":"wp","href":"https:\/\/api.w.org\/{rel}","templated":true}]}}