{"id":2419,"date":"2019-02-27T11:55:44","date_gmt":"2019-02-27T11:55:44","guid":{"rendered":"http:\/\/dakd.de\/?page_id=2419"},"modified":"2021-04-21T20:44:14","modified_gmt":"2021-04-21T18:44:14","slug":"katholikos","status":"publish","type":"page","link":"https:\/\/agbw.org\/am\/katholikos\/","title":{"rendered":"Katholikos"},"content":{"rendered":"<p><div class=\"fusion-fullwidth fullwidth-box fusion-builder-row-1 fusion-flex-container nonhundred-percent-fullwidth non-hundred-percent-height-scrolling\" style=\"--awb-border-radius-top-left:0px;--awb-border-radius-top-right:0px;--awb-border-radius-bottom-right:0px;--awb-border-radius-bottom-left:0px;--awb-padding-top:40px;--awb-padding-bottom:60px;--awb-flex-wrap:wrap;\" ><div class=\"fusion-builder-row fusion-row fusion-flex-align-items-flex-start fusion-flex-content-wrap\" style=\"max-width:calc( 1200px + 0px );margin-left: calc(-0px \/ 2 );margin-right: calc(-0px \/ 2 );\"><div class=\"fusion-layout-column fusion_builder_column fusion-builder-column-0 fusion_builder_column_1_1 1_1 fusion-flex-column\" style=\"--awb-bg-size:cover;--awb-width-large:100%;--awb-margin-top-large:0px;--awb-spacing-right-large:0px;--awb-margin-bottom-large:20px;--awb-spacing-left-large:0px;--awb-width-medium:100%;--awb-spacing-right-medium:0px;--awb-spacing-left-medium:0px;--awb-width-small:100%;--awb-spacing-right-small:0px;--awb-spacing-left-small:0px;\"><div class=\"fusion-column-wrapper fusion-flex-justify-content-flex-start fusion-content-layout-column\"><div class=\"fusion-title title fusion-title-1 fusion-sep-none fusion-title-center fusion-title-text fusion-title-size-two\" style=\"--awb-margin-top-small:10px;--awb-margin-right-small:0px;--awb-margin-bottom-small:10px;--awb-margin-left-small:0px;\"><h2 class=\"fusion-title-heading title-heading-center fusion-responsive-typography-calculated\" style=\"margin:0;--fontSize:28;line-height:1.2;\">Seine Heiligkeit Karekin II.<\/h2><\/div><div class=\"fusion-title title fusion-title-2 fusion-sep-none fusion-title-text fusion-title-size-two\" style=\"--awb-margin-top-small:10px;--awb-margin-right-small:0px;--awb-margin-bottom-small:10px;--awb-margin-left-small:0px;\"><h2 class=\"fusion-title-heading title-heading-left fusion-responsive-typography-calculated\" style=\"margin:0;--fontSize:28;line-height:1.2;\"><p style=\"text-align: center\">Oberster Patriarch und Katholikos Aller Armenier<\/p><\/h2><\/div><div class=\"fusion-separator fusion-full-width-sep\" style=\"align-self: center;margin-left: auto;margin-right: auto;margin-top:3%;margin-bottom:3%;width:100%;\"><\/div><div class=\"fusion-text fusion-text-1\"><p style=\"text-align: center\">Der Katholikos Aller Armenier ist das Oberhaupt der Armenischen Apostolischen Kirche.<br \/>\nDer Sitz des Katholikos ist der Heilige Stuhl von Etschmiadzin. Seine Heiligkeit wird von der National-Kirchlichen Versammlung gew\u00e4hlt.<br \/>\nSo wurde S. H. Karekin II. am 27. 10.1999 zum Obersten Patriarchen und 132. Katholikos Aller Armenier gew\u00e4hlt.<\/p>\n<\/div><\/div><\/div><\/div><\/div><div class=\"fusion-fullwidth fullwidth-box fusion-builder-row-2 fusion-flex-container hundred-percent-fullwidth non-hundred-percent-height-scrolling\" style=\"--awb-border-radius-top-left:0px;--awb-border-radius-top-right:0px;--awb-border-radius-bottom-right:0px;--awb-border-radius-bottom-left:0px;--awb-flex-wrap:wrap;\" ><div class=\"fusion-builder-row fusion-row fusion-flex-align-items-stretch fusion-flex-content-wrap\" style=\"width:calc( 100% + 0px ) !important;max-width:calc( 100% + 0px ) !important;margin-left: calc(-0px \/ 2 );margin-right: calc(-0px \/ 2 );\"><div class=\"fusion-layout-column fusion_builder_column fusion-builder-column-1 fusion_builder_column_1_1 1_1 fusion-flex-column\" style=\"--awb-bg-size:cover;--awb-width-large:100%;--awb-margin-top-large:0px;--awb-spacing-right-large:0px;--awb-margin-bottom-large:20px;--awb-spacing-left-large:0px;--awb-width-medium:100%;--awb-spacing-right-medium:0px;--awb-spacing-left-medium:0px;--awb-width-small:100%;--awb-spacing-right-small:0px;--awb-spacing-left-small:0px;\"><div class=\"fusion-column-wrapper fusion-column-has-shadow fusion-flex-justify-content-center fusion-content-layout-column\"><div class=\"awb-gallery-wrapper awb-gallery-wrapper-1 button-span-no\"><div style=\"margin:-5px;--awb-bordersize:0px;\" class=\"fusion-gallery fusion-gallery-container fusion-grid-3 fusion-columns-total-6 fusion-gallery-layout-grid fusion-gallery-1\"><div style=\"padding:5px;\" class=\"fusion-grid-column fusion-gallery-column fusion-gallery-column-3 hover-type-none\"><div class=\"fusion-gallery-image\"><a href=\"http:\/\/agbw.org\/katholikos\/\" rel=\"noreferrer\" data-rel=\"iLightbox[gallery_image_1]\" class=\"fusion-lightbox\" target=\"_self\"><img decoding=\"async\" src=\"https:\/\/agbw.org\/wp-content\/uploads\/2020\/03\/VH5-600x383-1.jpg\" width=\"600\" height=\"383\" alt=\"\" title=\"S. H. Katholikos aller Armenier Karekin II_a\" aria-label=\"S. H. Katholikos aller Armenier Karekin II_a\" class=\"img-responsive wp-image-3548\" srcset=\"https:\/\/agbw.org\/wp-content\/uploads\/2020\/03\/VH5-600x383-1-500x319.jpg 500w, https:\/\/agbw.org\/wp-content\/uploads\/2020\/03\/VH5-600x383-1.jpg 600w\" sizes=\"(max-width: 600px) 100vw, 600px\" \/><\/a><\/div><\/div><div style=\"padding:5px;\" class=\"fusion-grid-column fusion-gallery-column fusion-gallery-column-3 hover-type-none\"><div class=\"fusion-gallery-image\"><a href=\"http:\/\/agbw.org\/katholikos\/\" rel=\"noreferrer\" data-rel=\"iLightbox[gallery_image_1]\" class=\"fusion-lightbox\" target=\"_self\"><img decoding=\"async\" src=\"https:\/\/agbw.org\/wp-content\/uploads\/2020\/03\/VH4-600x383-1.jpg\" width=\"600\" height=\"383\" alt=\"\" title=\"Seine Heiligkeit bei Besuch im Krankenhaus\" aria-label=\"Seine Heiligkeit bei Besuch im Krankenhaus\" class=\"img-responsive wp-image-3547\" srcset=\"https:\/\/agbw.org\/wp-content\/uploads\/2020\/03\/VH4-600x383-1-500x319.jpg 500w, https:\/\/agbw.org\/wp-content\/uploads\/2020\/03\/VH4-600x383-1.jpg 600w\" sizes=\"(max-width: 600px) 100vw, 600px\" \/><\/a><\/div><\/div><div style=\"padding:5px;\" class=\"fusion-grid-column fusion-gallery-column fusion-gallery-column-3 hover-type-none\"><div class=\"fusion-gallery-image\"><a href=\"http:\/\/agbw.org\/katholikos\/\" rel=\"noreferrer\" data-rel=\"iLightbox[gallery_image_1]\" class=\"fusion-lightbox\" target=\"_self\"><img decoding=\"async\" src=\"https:\/\/agbw.org\/wp-content\/uploads\/2020\/03\/VH3-600x383-1.jpg\" width=\"600\" height=\"383\" alt=\"\" title=\"Seine Heiligkeit im Gespr\u00e4ch mit Nikol Pashinyan\" aria-label=\"Seine Heiligkeit im Gespr\u00e4ch mit Nikol Pashinyan\" class=\"img-responsive wp-image-3546\" srcset=\"https:\/\/agbw.org\/wp-content\/uploads\/2020\/03\/VH3-600x383-1-500x319.jpg 500w, https:\/\/agbw.org\/wp-content\/uploads\/2020\/03\/VH3-600x383-1.jpg 600w\" sizes=\"(max-width: 600px) 100vw, 600px\" \/><\/a><\/div><\/div><div class=\"clearfix\"><\/div><div style=\"padding:5px;\" class=\"fusion-grid-column fusion-gallery-column fusion-gallery-column-3 hover-type-none\"><div class=\"fusion-gallery-image\"><a href=\"http:\/\/agbw.org\/katholikos\/\" rel=\"noreferrer\" data-rel=\"iLightbox[gallery_image_1]\" class=\"fusion-lightbox\" target=\"_self\"><img decoding=\"async\" src=\"https:\/\/agbw.org\/wp-content\/uploads\/2020\/03\/MA_5-600x383-1.jpg\" width=\"600\" height=\"383\" alt=\"\" title=\"Seine Heiligkeit bei Fu\u00dfwaschungsritus\" aria-label=\"Seine Heiligkeit bei Fu\u00dfwaschungsritus\" class=\"img-responsive wp-image-3545\" srcset=\"https:\/\/agbw.org\/wp-content\/uploads\/2020\/03\/MA_5-600x383-1-500x319.jpg 500w, https:\/\/agbw.org\/wp-content\/uploads\/2020\/03\/MA_5-600x383-1.jpg 600w\" sizes=\"(max-width: 600px) 100vw, 600px\" \/><\/a><\/div><\/div><div style=\"padding:5px;\" class=\"fusion-grid-column fusion-gallery-column fusion-gallery-column-3 hover-type-none\"><div class=\"fusion-gallery-image\"><a href=\"http:\/\/agbw.org\/katholikos\/\" rel=\"noreferrer\" data-rel=\"iLightbox[gallery_image_1]\" class=\"fusion-lightbox\" target=\"_self\"><img decoding=\"async\" src=\"https:\/\/agbw.org\/wp-content\/uploads\/2020\/03\/Garegin-II-600x383-1.jpg\" width=\"600\" height=\"383\" alt=\"\" title=\"Ansprache Seiner Heiligkeit zum Weihnachten\" aria-label=\"Ansprache Seiner Heiligkeit zum Weihnachten\" class=\"img-responsive wp-image-3544\" srcset=\"https:\/\/agbw.org\/wp-content\/uploads\/2020\/03\/Garegin-II-600x383-1-500x319.jpg 500w, https:\/\/agbw.org\/wp-content\/uploads\/2020\/03\/Garegin-II-600x383-1.jpg 600w\" sizes=\"(max-width: 600px) 100vw, 600px\" \/><\/a><\/div><\/div><div style=\"padding:5px;\" class=\"fusion-grid-column fusion-gallery-column fusion-gallery-column-3 hover-type-none\"><div class=\"fusion-gallery-image\"><a href=\"http:\/\/agbw.org\/katholikos\/\" rel=\"noreferrer\" data-rel=\"iLightbox[gallery_image_1]\" class=\"fusion-lightbox\" target=\"_self\"><img decoding=\"async\" src=\"https:\/\/agbw.org\/wp-content\/uploads\/2020\/03\/600x383.jpg\" width=\"600\" height=\"383\" alt=\"\" title=\"Seine Heiligkeit mit Jugendlichen\" aria-label=\"Seine Heiligkeit mit Jugendlichen\" class=\"img-responsive wp-image-3551\" srcset=\"https:\/\/agbw.org\/wp-content\/uploads\/2020\/03\/600x383-500x319.jpg 500w, https:\/\/agbw.org\/wp-content\/uploads\/2020\/03\/600x383.jpg 600w\" sizes=\"(max-width: 600px) 100vw, 600px\" \/><\/a><\/div><\/div><div class=\"clearfix\"><\/div><\/div><\/div><\/div><\/div><\/div><\/div><div class=\"fusion-fullwidth fullwidth-box fusion-builder-row-3 fusion-flex-container nonhundred-percent-fullwidth non-hundred-percent-height-scrolling\" style=\"--awb-border-radius-top-left:0px;--awb-border-radius-top-right:0px;--awb-border-radius-bottom-right:0px;--awb-border-radius-bottom-left:0px;--awb-padding-top:6%;--awb-padding-bottom:6%;--awb-flex-wrap:wrap;\" ><div class=\"fusion-builder-row fusion-row fusion-flex-align-items-flex-start fusion-flex-content-wrap\" style=\"max-width:calc( 1200px + 0px );margin-left: calc(-0px \/ 2 );margin-right: calc(-0px \/ 2 );\"><div class=\"fusion-layout-column fusion_builder_column fusion-builder-column-2 fusion_builder_column_1_1 1_1 fusion-flex-column fusion-no-small-visibility\" style=\"--awb-bg-size:cover;--awb-width-large:100%;--awb-margin-top-large:0px;--awb-spacing-right-large:0px;--awb-margin-bottom-large:20px;--awb-spacing-left-large:0px;--awb-width-medium:100%;--awb-spacing-right-medium:0px;--awb-spacing-left-medium:0px;--awb-width-small:100%;--awb-spacing-right-small:0px;--awb-spacing-left-small:0px;\"><div class=\"fusion-column-wrapper fusion-column-has-shadow fusion-flex-justify-content-flex-start fusion-content-layout-column\"><div class=\"fusion-text fusion-text-2 awb-text-cols fusion-text-columns-3\" style=\"--awb-columns:3;--awb-column-spacing:2em;--awb-column-min-width:100px;\"><p>Seine Heiligkeit Karekin II. (mit weltlichem Namen Ktritch) ist 1951 im Dorf Woskehat in der N\u00e4he von Etschmiadzin geboren. Dort besuchte er die Grundschule. 1965 wurde er in die Theologische Akademie von St. Etschmiadzin aufgenommen und absolvierte dieses 1971 mit Auszeichnung. Nach dem Abschluss seines Studiums an der Theologischen Akademie wurde er zum Assistenten des Rektors der Akademie ernannt und unterrichtete das \u201eNeue Testament\u201c.<\/p>\n<p>1972 wurde er von Erzbischof Diran Nersoyan zum z\u00f6libat\u00e4ren Priester geweiht und bekam den geistlichen Namen Karekin. Im gleichen Jahr wurde er vom Katholikos Wasken I. zur Fortbildung nach Wien entsandt. 1975 wurde er zum Seelsorger der armenischen Gemeinde in Deutschland ernannt. Gleichzeitig setzte er sein Theologiestudium an der Universit\u00e4t zu Bonn fort. 1979 kehrte er nach Armenien zur\u00fcck und wurde vom Katholikos umgehend nach Zagorsk entsandt, um an der dortigen russisch-orthodoxen Akademie zu studieren.<\/p>\n<p>1980 wurde Pater Karekin zum Stellvertreter des Vikarbischofs der Di\u00f6zese Ararat ernannt und 1983 wurde er Generalvikar dieser wichtigen Di\u00f6zese. Im Oktober desselben Jahres erhielt er die Bischofsweihe und 1992 die W\u00fcrde und den Titel eines Erzbischofs.<\/p>\n<p>1989 gr\u00fcndete Erzbischof Karekin Nersisyan das Waskenyan Priesterseminar am Sevansee, welches der Di\u00f6zese Ararat unterstand.<\/p>\n<p>1990 er\u00f6ffnete er in seiner Di\u00f6zese ein \u201eZentrum der christlichen Erziehung\u201c, das in 56 Schulen im Bezirk der Di\u00f6zese Ararat die Erteilung des Religionsunterrichts gew\u00e4hrleistet. 1992 wurden dank der Bem\u00fchungen von Erzbischof Karekin Nersisyan, drei der Pionierpal\u00e4ste zu Jugendzentren umgebaut, in denen tausende Jugendliche eine geistliche Erziehung erhielten.<\/p>\n<p>Seit 1990 war\u00a0 Erzbischof Nersisyan Mitglied des Obersten Geistlichen Rates (zentrales Exekutivorgan) der Armenischen Kirche.<\/p>\n<p>1995 kandidierte Erzbischof Karekin Nersisyan bei der Wahl des neuen Katholikos. Beim dritten Wahlgang hat er seine Kandidatur zugunsten des Katholikos des Hohen Hauses von Kilikien, S. H. Karekin II., zur\u00fcckgezogen.<\/p>\n<p>1998 wurde er vom Katholikos Karekin I. zu seinem Stellvertreter ernannt. Als Katholikos Karekin I. im Juni 1999 verstarb, w\u00e4hlte die National-Kirchliche Versammlung ihn <span class=\"nolink\">Am 04.11.<\/span> desselben Jahres fand in der Kathedrale St. Etschmiadzin seine Weihe und Salbung zum Katholikos Aller Armenier statt.<\/p>\n<\/div><\/div><\/div><div class=\"fusion-layout-column fusion_builder_column fusion-builder-column-3 fusion_builder_column_1_1 1_1 fusion-flex-column fusion-no-medium-visibility fusion-no-large-visibility\" style=\"--awb-bg-size:cover;--awb-width-large:100%;--awb-margin-top-large:0px;--awb-spacing-right-large:0px;--awb-margin-bottom-large:20px;--awb-spacing-left-large:0px;--awb-width-medium:100%;--awb-spacing-right-medium:0px;--awb-spacing-left-medium:0px;--awb-width-small:100%;--awb-spacing-right-small:0px;--awb-spacing-left-small:0px;\"><div class=\"fusion-column-wrapper fusion-column-has-shadow fusion-flex-justify-content-flex-start fusion-content-layout-column\"><div class=\"fusion-text fusion-text-3\"><p>Seine Heiligkeit Karekin II. (mit weltlichem Namen Ktritch) ist 1951 im Dorf Woskehat in der N\u00e4he von Etschmiadzin geboren. Dort besuchte er die Grundschule. 1965 wurde er in die Theologische Akademie von St. Etschmiadzin aufgenommen und absolvierte dieses 1971 mit Auszeichnung. Nach dem Abschluss seines Studiums an der Theologischen Akademie wurde er zum Assistenten des Rektors der Akademie ernannt und unterrichtete das \u201eNeue Testament\u201c.<\/p>\n<p>1972 wurde er von Erzbischof Diran Nersoyan zum z\u00f6libat\u00e4ren Priester geweiht und bekam den geistlichen Namen Karekin. Im gleichen Jahr wurde er vom Katholikos Wasken I. zur Fortbildung nach Wien entsandt. 1975 wurde er zum Seelsorger der armenischen Gemeinde in Deutschland ernannt. Gleichzeitig setzte er sein Theologiestudium an der Universit\u00e4t zu Bonn fort. 1979 kehrte er nach Armenien zur\u00fcck und wurde vom Katholikos umgehend nach Zagorsk entsandt, um an der dortigen russisch-orthodoxen Akademie zu studieren.<\/p>\n<p>1980 wurde Pater Karekin zum Stellvertreter des Vikarbischofs der Di\u00f6zese Ararat ernannt und 1983 wurde er Generalvikar dieser wichtigen Di\u00f6zese. Im Oktober desselben Jahres erhielt er die Bischofsweihe und 1992 die W\u00fcrde und den Titel eines Erzbischofs.<\/p>\n<p>1989 gr\u00fcndete Erzbischof Karekin Nersisyan das Waskenyan Priesterseminar am Sevansee, welches der Di\u00f6zese Ararat unterstand.<\/p>\n<p>1990 er\u00f6ffnete er in seiner Di\u00f6zese ein \u201eZentrum der christlichen Erziehung\u201c, das in 56 Schulen im Bezirk der Di\u00f6zese Ararat die Erteilung des Religionsunterrichts gew\u00e4hrleistet. 1992 wurden dank der Bem\u00fchungen von Erzbischof Karekin Nersisyan, drei der Pionierpal\u00e4ste zu Jugendzentren umgebaut, in denen tausende Jugendliche eine geistliche Erziehung erhielten.<\/p>\n<p>Seit 1990 war\u00a0 Erzbischof Nersisyan Mitglied des Obersten Geistlichen Rates (zentrales Exekutivorgan) der Armenischen Kirche.<\/p>\n<p>1995 kandidierte Erzbischof Karekin Nersisyan bei der Wahl des neuen Katholikos. Beim dritten Wahlgang hat er seine Kandidatur zugunsten des Katholikos des Hohen Hauses von Kilikien, S. H. Karekin II., zur\u00fcckgezogen.<\/p>\n<p>1998 wurde er vom Katholikos Karekin I. zu seinem Stellvertreter ernannt. Als Katholikos Karekin I. im Juni 1999 verstarb, w\u00e4hlte die National-Kirchliche Versammlung ihn <span class=\"nolink\">Am 04.11.<\/span> desselben Jahres fand in der Kathedrale St. Etschmiadzin seine Weihe und Salbung zum Katholikos Aller Armenier statt.<\/p>\n<\/div><\/div><\/div><\/div><\/div><div class=\"fusion-fullwidth fullwidth-box fusion-builder-row-4 fusion-flex-container nonhundred-percent-fullwidth non-hundred-percent-height-scrolling\" style=\"--awb-background-position:left top;--awb-border-sizes-top:0px;--awb-border-sizes-bottom:0px;--awb-border-sizes-left:0px;--awb-border-sizes-right:0px;--awb-border-radius-top-left:0px;--awb-border-radius-top-right:0px;--awb-border-radius-bottom-right:0px;--awb-border-radius-bottom-left:0px;--awb-padding-top:90px;--awb-padding-bottom:80px;--awb-margin-bottom:0px;--awb-background-color:#f6f6f6;--awb-flex-wrap:wrap;\" ><div class=\"fusion-builder-row fusion-row fusion-flex-align-items-stretch fusion-flex-content-wrap\" style=\"max-width:1248px;margin-left: calc(-4% \/ 2 );margin-right: calc(-4% \/ 2 );\"><div class=\"fusion-layout-column fusion_builder_column fusion-builder-column-4 fusion_builder_column_1_2 1_2 fusion-flex-column\" style=\"--awb-padding-top:15px;--awb-padding-right:5%;--awb-padding-bottom:15px;--awb-padding-left:5%;--awb-bg-size:cover;--awb-width-large:50%;--awb-margin-top-large:0px;--awb-spacing-right-large:3.84%;--awb-margin-bottom-large:20px;--awb-spacing-left-large:3.84%;--awb-width-medium:100%;--awb-spacing-right-medium:1.92%;--awb-spacing-left-medium:1.92%;--awb-width-small:100%;--awb-spacing-right-small:1.92%;--awb-spacing-left-small:1.92%;\"><div class=\"fusion-column-wrapper fusion-flex-justify-content-center fusion-content-layout-column\"><div class=\"fusion-title title fusion-title-3 fusion-sep-none fusion-title-center fusion-title-text fusion-title-size-two\" style=\"--awb-margin-top-small:10px;--awb-margin-right-small:0px;--awb-margin-bottom-small:10px;--awb-margin-left-small:0px;\"><h2 class=\"fusion-title-heading title-heading-center fusion-responsive-typography-calculated\" style=\"margin:0;--fontSize:28;line-height:1.2;\">Seine Heiligkeit auf Facebook<\/h2><\/div><div class=\"fusion-text fusion-text-4\"><p style=\"text-align: center\">Besuchen Sie die Facebook-Seite Seiner Heiligkeit. Hier bekommen Sie aktuelle Benachrichtigungen aus dem Katholikosat Aller Armenier<br \/>\nund k\u00f6nnen aktuelle Informationen und Stellungnahmen erhalten.<\/p>\n<\/div><div class=\"fusion-separator fusion-full-width-sep\" style=\"align-self: center;margin-left: auto;margin-right: auto;margin-top:10px;width:100%;\"><\/div><div style=\"text-align:center;\"><a class=\"fusion-button button-flat button-large button-default fusion-button-default button-1 fusion-button-default-span fusion-button-default-type\" target=\"_blank\" rel=\"noopener noreferrer\" href=\"https:\/\/www.facebook.com\/Vehapar\/\"><span class=\"fusion-button-text awb-button__text awb-button__text--default\">Zur Facebook Seite Seiner Heiligkeit<\/span><\/a><\/div><\/div><\/div><div class=\"fusion-layout-column fusion_builder_column fusion-builder-column-5 fusion_builder_column_1_2 1_2 fusion-flex-column\" style=\"--awb-padding-top:25px;--awb-padding-right:25px;--awb-padding-left:25px;--awb-bg-size:cover;--awb-width-large:50%;--awb-margin-top-large:0px;--awb-spacing-right-large:3.84%;--awb-margin-bottom-large:20px;--awb-spacing-left-large:3.84%;--awb-width-medium:100%;--awb-spacing-right-medium:1.92%;--awb-spacing-left-medium:1.92%;--awb-width-small:100%;--awb-spacing-right-small:1.92%;--awb-spacing-left-small:1.92%;\"><div class=\"fusion-column-wrapper fusion-column-has-shadow fusion-flex-justify-content-center fusion-content-layout-column\"><iframe width=\"560\" height=\"315\" src=\"https:\/\/www.youtube.com\/embed\/cbJlJ7JP3-g\" frameborder=\"0\" allow=\"accelerometer; autoplay; encrypted-media; gyroscope; picture-in-picture\" allowfullscreen><\/iframe><\/div><\/div><\/div><\/div><div class=\"fusion-fullwidth fullwidth-box fusion-builder-row-5 fusion-flex-container nonhundred-percent-fullwidth non-hundred-percent-height-scrolling\" style=\"--awb-border-radius-top-left:0px;--awb-border-radius-top-right:0px;--awb-border-radius-bottom-right:0px;--awb-border-radius-bottom-left:0px;--awb-padding-top:6%;--awb-padding-bottom:6%;--awb-flex-wrap:wrap;\" ><div class=\"fusion-builder-row fusion-row fusion-flex-align-items-flex-start fusion-flex-content-wrap\" style=\"max-width:1248px;margin-left: calc(-4% \/ 2 );margin-right: calc(-4% \/ 2 );\"><div class=\"fusion-layout-column fusion_builder_column fusion-builder-column-6 fusion_builder_column_1_2 1_2 fusion-flex-column\" style=\"--awb-bg-image:url(&#039;http:\/\/agbw.org\/wp-content\/uploads\/2020\/03\/1200px-Armenian_Apostolic_Church_logo-400x257.png&#039;);--awb-bg-position:center center;--awb-bg-size:cover;--awb-width-large:50%;--awb-margin-top-large:0px;--awb-spacing-right-large:3.84%;--awb-margin-bottom-large:20px;--awb-spacing-left-large:3.84%;--awb-width-medium:100%;--awb-spacing-right-medium:1.92%;--awb-spacing-left-medium:1.92%;--awb-width-small:100%;--awb-spacing-right-small:1.92%;--awb-spacing-left-small:1.92%;\"><div class=\"fusion-column-wrapper fusion-column-has-shadow fusion-flex-justify-content-flex-start fusion-content-layout-column fusion-empty-column-bg-image fusion-column-has-bg-image\" data-bg-url=\"http:\/\/agbw.org\/wp-content\/uploads\/2020\/03\/1200px-Armenian_Apostolic_Church_logo-400x257.png\"><img decoding=\"async\" class=\"fusion-empty-dims-img-placeholder fusion-no-large-visibility\" src=\"data:image\/gif;base64,R0lGODlhAQABAAAAACH5BAEKAAEALAAAAAABAAEAAAICTAEAOw==\"><\/div><\/div><div class=\"fusion-layout-column fusion_builder_column fusion-builder-column-7 fusion_builder_column_1_2 1_2 fusion-flex-column\" style=\"--awb-bg-size:cover;--awb-width-large:50%;--awb-margin-top-large:0px;--awb-spacing-right-large:3.84%;--awb-margin-bottom-large:20px;--awb-spacing-left-large:3.84%;--awb-width-medium:100%;--awb-spacing-right-medium:1.92%;--awb-spacing-left-medium:1.92%;--awb-width-small:100%;--awb-spacing-right-small:1.92%;--awb-spacing-left-small:1.92%;\"><div class=\"fusion-column-wrapper fusion-column-has-shadow fusion-flex-justify-content-flex-start fusion-content-layout-column\"><div class=\"fusion-title title fusion-title-4 fusion-sep-none fusion-title-text fusion-title-size-three\" style=\"--awb-text-color:#0f4c81;--awb-margin-top-small:10px;--awb-margin-right-small:0px;--awb-margin-bottom-small:10px;--awb-margin-left-small:0px;\"><h3 class=\"fusion-title-heading title-heading-left fusion-responsive-typography-calculated\" style=\"margin:0;--fontSize:23;--minFontSize:23;line-height:1.2;\"><p>\u0544\u0561\u0575\u0580 \u0531\u0569\u0578\u057c \u054d. \u0537\u057b\u0574\u056b\u0561\u056e\u056b\u0576<br \/>\nMother See of Holy Etchmiadzin<\/p><\/h3><\/div><div class=\"fusion-text fusion-text-5\"><p>1101 VAGHARSHAPAT<br \/>\nREPUBLIC OF ARMENIA<\/p>\n<p><span class=\"bold\">Tel.:<\/span>\u00a0+374 10 517110<br \/>\n<span class=\"bold\">Fax: +<\/span>374 10 517301<\/p>\n<p><span class=\"bold\">Mail: <\/span><a class=\"e-mail\" href=\"mailto:divanatun@etchmiadzin.am\">divanatun (at) etchmiadzin.am<\/a><br \/>\nWeb:\u00a0<a href=\"http:\/\/armenianchurch.org\/\">www.armenianchurch.org<\/a><\/p>\n<\/div><\/div><\/div><\/div><\/div><\/p>\n","protected":false},"excerpt":{"rendered":"","protected":false},"author":1,"featured_media":0,"parent":0,"menu_order":0,"comment_status":"closed","ping_status":"closed","template":"100-width.php","meta":{"footnotes":""},"class_list":["post-2419","page","type-page","status-publish","hentry"],"_links":{"self":[{"href":"https:\/\/agbw.org\/am\/wp-json\/wp\/v2\/pages\/2419","targetHints":{"allow":["GET"]}}],"collection":[{"href":"https:\/\/agbw.org\/am\/wp-json\/wp\/v2\/pages"}],"about":[{"href":"https:\/\/agbw.org\/am\/wp-json\/wp\/v2\/types\/page"}],"author":[{"embeddable":true,"href":"https:\/\/agbw.org\/am\/wp-json\/wp\/v2\/users\/1"}],"replies":[{"embeddable":true,"href":"https:\/\/agbw.org\/am\/wp-json\/wp\/v2\/comments?post=2419"}],"version-history":[{"count":0,"href":"https:\/\/agbw.org\/am\/wp-json\/wp\/v2\/pages\/2419\/revisions"}],"wp:attachment":[{"href":"https:\/\/agbw.org\/am\/wp-json\/wp\/v2\/media?parent=2419"}],"curies":[{"name":"wp","href":"https:\/\/api.w.org\/{rel}","templated":true}]}}